{"id":559,"date":"2022-11-04T08:47:53","date_gmt":"2022-11-04T08:47:53","guid":{"rendered":"http:\/\/crisis-support.org\/?page_id=559"},"modified":"2023-12-20T22:56:21","modified_gmt":"2023-12-20T22:56:21","slug":"privacy-policy","status":"publish","type":"page","link":"https:\/\/crisis-support.org\/es\/privacy-policy\/","title":{"rendered":"Pol\u00edtica de privacidad"},"content":{"rendered":"<div data-elementor-type=\"wp-page\" data-elementor-id=\"559\" class=\"elementor elementor-559\" data-elementor-post-type=\"page\">\n\t\t\t\t\t\t<section class=\"elementor-section elementor-top-section elementor-element elementor-element-936aba7 elementor-section-full_width elementor-section-height-min-height elementor-section-height-default elementor-section-items-middle\" data-id=\"936aba7\" data-element_type=\"section\" data-e-type=\"section\" data-settings=\"{&quot;background_background&quot;:&quot;gradient&quot;}\">\n\t\t\t\t\t\t<div class=\"elementor-container elementor-column-gap-no\">\n\t\t\t\t\t<div class=\"elementor-column elementor-col-50 elementor-top-column elementor-element elementor-element-0e0ccb6\" data-id=\"0e0ccb6\" data-element_type=\"column\" data-e-type=\"column\">\n\t\t\t<div class=\"elementor-widget-wrap elementor-element-populated\">\n\t\t\t\t\t\t<div class=\"elementor-element elementor-element-aca5bff elementor-widget elementor-widget-heading\" data-id=\"aca5bff\" data-element_type=\"widget\" data-e-type=\"widget\" data-widget_type=\"heading.default\">\n\t\t\t\t<div class=\"elementor-widget-container\">\n\t\t\t\t\t<h2 class=\"elementor-heading-title elementor-size-default\">Pol\u00edtica de privacidad<\/h2>\t\t\t\t<\/div>\n\t\t\t\t<\/div>\n\t\t\t\t\t<\/div>\n\t\t<\/div>\n\t\t\t\t<div class=\"elementor-column elementor-col-50 elementor-top-column elementor-element elementor-element-91d1e75\" data-id=\"91d1e75\" data-element_type=\"column\" data-e-type=\"column\">\n\t\t\t<div class=\"elementor-widget-wrap elementor-element-populated\">\n\t\t\t\t\t\t<div class=\"elementor-element elementor-element-9c736f3 elementor-widget elementor-widget-heading\" data-id=\"9c736f3\" data-element_type=\"widget\" data-e-type=\"widget\" data-widget_type=\"heading.default\">\n\t\t\t\t<div class=\"elementor-widget-container\">\n\t\t\t\t\t<h2 class=\"elementor-heading-title elementor-size-default\">Esta pol\u00edtica de privacidad explica la informaci\u00f3n\/los datos que recopilamos de usted cuando visita este sitio web, c\u00f3mo compartimos o utilizamos esa informaci\u00f3n y sus derechos.<\/h2>\t\t\t\t<\/div>\n\t\t\t\t<\/div>\n\t\t\t\t\t<\/div>\n\t\t<\/div>\n\t\t\t\t\t<\/div>\n\t\t<\/section>\n\t\t\t\t<section class=\"elementor-section elementor-top-section elementor-element elementor-element-39b0f96 elementor-section-boxed elementor-section-height-default elementor-section-height-default\" data-id=\"39b0f96\" data-element_type=\"section\" data-e-type=\"section\" data-settings=\"{&quot;background_background&quot;:&quot;classic&quot;}\">\n\t\t\t\t\t\t<div class=\"elementor-container elementor-column-gap-default\">\n\t\t\t\t\t<div class=\"elementor-column elementor-col-100 elementor-top-column elementor-element elementor-element-13c5bba\" data-id=\"13c5bba\" data-element_type=\"column\" data-e-type=\"column\">\n\t\t\t<div class=\"elementor-widget-wrap elementor-element-populated\">\n\t\t\t\t\t\t<div class=\"elementor-element elementor-element-75ed774 elementor-widget elementor-widget-text-editor\" data-id=\"75ed774\" data-element_type=\"widget\" data-e-type=\"widget\" data-widget_type=\"text-editor.default\">\n\t\t\t\t<div class=\"elementor-widget-container\">\n\t\t\t\t\t\t\t\t\t<p>Crisis Support Network es la organizaci\u00f3n sin fines de lucro que puede proporcionar un formulario de contacto para consultas, un formulario de suscripci\u00f3n al bolet\u00edn informativo e informaci\u00f3n en www.crisis-support.org, as\u00ed como a trav\u00e9s de servicios telef\u00f3nicos las 24 horas al 1-800-435- 7276.<\/p><p>El servicio de l\u00ednea directa an\u00f3nima est\u00e1 disponible y se define como un contacto confidencial entre un usuario y un defensor en el que no se verifica ninguna informaci\u00f3n de identificaci\u00f3n.<\/p><p>Participar en nuestros servicios digitales visitando nuestro sitio web, llamando a nuestra l\u00ednea directa o enviando correo o mensajes digitales constituye un acuerdo y comprensi\u00f3n de la pol\u00edtica de privacidad. Si en alg\u00fan momento un usuario de un servicio digital siente que su seguridad o privacidad puede verse comprometida debido al uso de estos servicios, la interacci\u00f3n puede escalarse a servicios telef\u00f3nicos o en persona.<\/p>\t\t\t\t\t\t\t\t<\/div>\n\t\t\t\t<\/div>\n\t\t\t\t\t<\/div>\n\t\t<\/div>\n\t\t\t\t\t<\/div>\n\t\t<\/section>\n\t\t\t\t<section class=\"elementor-section elementor-top-section elementor-element elementor-element-58fcfcd elementor-section-boxed elementor-section-height-default elementor-section-height-default\" data-id=\"58fcfcd\" data-element_type=\"section\" data-e-type=\"section\" data-settings=\"{&quot;background_background&quot;:&quot;gradient&quot;}\">\n\t\t\t\t\t\t<div class=\"elementor-container elementor-column-gap-default\">\n\t\t\t\t\t<div class=\"elementor-column elementor-col-100 elementor-top-column elementor-element elementor-element-20aadd9\" data-id=\"20aadd9\" data-element_type=\"column\" data-e-type=\"column\">\n\t\t\t<div class=\"elementor-widget-wrap elementor-element-populated\">\n\t\t\t\t\t\t<div class=\"elementor-element elementor-element-b0ae3bd elementor-widget elementor-widget-heading\" data-id=\"b0ae3bd\" data-element_type=\"widget\" data-e-type=\"widget\" data-widget_type=\"heading.default\">\n\t\t\t\t<div class=\"elementor-widget-container\">\n\t\t\t\t\t<h2 class=\"elementor-heading-title elementor-size-default\">Pol\u00edtica de exclusi\u00f3n voluntaria<\/h2>\t\t\t\t<\/div>\n\t\t\t\t<\/div>\n\t\t\t\t<div class=\"elementor-element elementor-element-aa780c9 elementor-widget elementor-widget-text-editor\" data-id=\"aa780c9\" data-element_type=\"widget\" data-e-type=\"widget\" data-widget_type=\"text-editor.default\">\n\t\t\t\t<div class=\"elementor-widget-container\">\n\t\t\t\t\t\t\t\t\t<p>Crisis Support Network ofrece servicios no digitales. Dichas opciones incluyen optar por no participar en servicios digitales y optar por no proporcionar informaci\u00f3n identificable durante las interacciones con defensores.<\/p><p>Se recomienda a los usuarios preocupados por su seguridad f\u00edsica y bienestar que se comuniquen con nosotros por tel\u00e9fono al 1-800-435-7276.<\/p>\t\t\t\t\t\t\t\t<\/div>\n\t\t\t\t<\/div>\n\t\t\t\t\t<\/div>\n\t\t<\/div>\n\t\t\t\t\t<\/div>\n\t\t<\/section>\n\t\t\t\t<section class=\"elementor-section elementor-top-section elementor-element elementor-element-118d9cc elementor-section-full_width elementor-section-height-default elementor-section-height-default\" data-id=\"118d9cc\" data-element_type=\"section\" data-e-type=\"section\">\n\t\t\t\t\t\t<div class=\"elementor-container elementor-column-gap-no\">\n\t\t\t\t\t<div class=\"elementor-column elementor-col-100 elementor-top-column elementor-element elementor-element-855b11b\" data-id=\"855b11b\" data-element_type=\"column\" data-e-type=\"column\" data-settings=\"{&quot;background_background&quot;:&quot;classic&quot;}\">\n\t\t\t<div class=\"elementor-widget-wrap elementor-element-populated\">\n\t\t\t\t\t\t<div class=\"elementor-element elementor-element-48b450c elementor-widget elementor-widget-heading\" data-id=\"48b450c\" data-element_type=\"widget\" data-e-type=\"widget\" data-widget_type=\"heading.default\">\n\t\t\t\t<div class=\"elementor-widget-container\">\n\t\t\t\t\t<h2 class=\"elementor-heading-title elementor-size-xxl translation-block\">Opciones de servicio confidenciales y<br>an\u00f3nimos<\/h2>\t\t\t\t<\/div>\n\t\t\t\t<\/div>\n\t\t\t\t<div class=\"elementor-element elementor-element-50c471e elementor-widget elementor-widget-text-editor\" data-id=\"50c471e\" data-element_type=\"widget\" data-e-type=\"widget\" data-widget_type=\"text-editor.default\">\n\t\t\t\t<div class=\"elementor-widget-container\">\n\t\t\t\t\t\t\t\t\t<p>Crisis Support Network recopila informaci\u00f3n demogr\u00e1fica y de ubicaci\u00f3n geogr\u00e1fica limitada para brindar servicios.<\/p><p>Cualquier informaci\u00f3n que se mantenga temporalmente es fundamental para nuestra evaluaci\u00f3n de los servicios brindados a las personas que se comunican con la organizaci\u00f3n. La informaci\u00f3n de identificaci\u00f3n no se verifica de ninguna manera.<\/p><p>La informaci\u00f3n de un usuario, incluida cualquier informaci\u00f3n de identificaci\u00f3n personal, solo se compartir\u00e1 con personas impl\u00edcitamente vinculadas a las operaciones de nuestro servicio.<\/p><p>Podemos recopilar informaci\u00f3n de un usuario para el servicio de defensa digital o telef\u00f3nica de forma voluntaria, y puede incluir:<\/p><p>- Nombre<\/p><p>- G\u00e9nero<\/p><p>- Edad<\/p><p>- Ciudad<\/p><p>- Estado<\/p><p>- Cremallera<\/p><p>\u2013 C\u00f3mo se enter\u00f3 el usuario sobre el servicio<\/p>\t\t\t\t\t\t\t\t<\/div>\n\t\t\t\t<\/div>\n\t\t\t\t\t<\/div>\n\t\t<\/div>\n\t\t\t\t\t<\/div>\n\t\t<\/section>\n\t\t\t\t<section class=\"elementor-section elementor-top-section elementor-element elementor-element-1ca6fa4 elementor-section-boxed elementor-section-height-default elementor-section-height-default\" data-id=\"1ca6fa4\" data-element_type=\"section\" data-e-type=\"section\" data-settings=\"{&quot;background_background&quot;:&quot;gradient&quot;}\">\n\t\t\t\t\t\t<div class=\"elementor-container elementor-column-gap-default\">\n\t\t\t\t\t<div class=\"elementor-column elementor-col-100 elementor-top-column elementor-element elementor-element-876c640\" data-id=\"876c640\" data-element_type=\"column\" data-e-type=\"column\">\n\t\t\t<div class=\"elementor-widget-wrap elementor-element-populated\">\n\t\t\t\t\t\t<div class=\"elementor-element elementor-element-4862c6e elementor-widget elementor-widget-text-editor\" data-id=\"4862c6e\" data-element_type=\"widget\" data-e-type=\"widget\" data-widget_type=\"text-editor.default\">\n\t\t\t\t<div class=\"elementor-widget-container\">\n\t\t\t\t\t\t\t\t\t<p>No proporcionamos, vendemos, comercializamos ni alquilamos informaci\u00f3n personal que los usuarios proporcionen.<\/p><p>Los servicios de defensa en profundidad o continuos pueden requerir la recopilaci\u00f3n de cierta informaci\u00f3n para brindar asistencia de calidad.<\/p>\t\t\t\t\t\t\t\t<\/div>\n\t\t\t\t<\/div>\n\t\t\t\t<div class=\"elementor-element elementor-element-47f5ddf elementor-widget elementor-widget-text-editor\" data-id=\"47f5ddf\" data-element_type=\"widget\" data-e-type=\"widget\" data-widget_type=\"text-editor.default\">\n\t\t\t\t<div class=\"elementor-widget-container\">\n\t\t\t\t\t\t\t\t\t<p>Todos los defensores, incluidos los voluntarios, deben firmar una pol\u00edtica de confidencialidad del cliente. No revelamos informaci\u00f3n a ninguna parte externa sin el consentimiento informado del participante del programa. {RCW 70.123.076(1) y WAC 388-61A-0310. Si la divulgaci\u00f3n de la informaci\u00f3n de un destinatario es requerida por ley u orden judicial, Crisis Support Network har\u00e1 esfuerzos razonables para notificar al destinatario afectado por la divulgaci\u00f3n de informaci\u00f3n. Si se divulga o se divulgar\u00e1 informaci\u00f3n de identificaci\u00f3n personal, Crisis Support Network tomar\u00e1 las medidas necesarias para proteger la privacidad y seguridad de las personas afectadas por la divulgaci\u00f3n de la informaci\u00f3n. Los financiadores tienen derecho a recibir detalles financieros sobre c\u00f3mo se utiliza su dinero.<\/p><p>\u00a0<\/p><p>Para cumplir con los requisitos de recopilaci\u00f3n de datos, evaluaci\u00f3n o informes tribales, federales, estatales o territoriales, Crisis Support Network puede compartir datos en conjunto que no contengan informaci\u00f3n de identificaci\u00f3n personal y que: (a) se relacionen con los servicios a sus clientes; o (b) es informaci\u00f3n demogr\u00e1fica.<\/p><p>\u00a0<\/p><p>WAC 388-61A-0340 El derecho a la privacidad y la confidencialidad de la informaci\u00f3n compartida puede tener excepciones, como informes obligatorios de abuso o negligencia infantil espec\u00edficos y requeridos profesionalmente, el deber de advertir sobre da\u00f1os inminentes o una autorizaci\u00f3n por escrito del usuario.<\/p><p>\u00a0<\/p><p>Bolet\u00edn informativo\/actualizaciones de suscripci\u00f3n: los usuarios pueden optar por recibir mensajes peri\u00f3dicos que proporcionen actualizaciones de contenido relevante relacionado con problemas. Los usuarios pueden optar por no participar en cualquier momento. Si bien los n\u00fameros pueden estar mezclados, los usuarios pueden proporcionar comentarios voluntarios sobre las preguntas de la encuesta.<\/p><p>\u00a0<\/p><p>Mensajes de informaci\u00f3n \u00fanicos: estos son mensajes \u00fanicos que env\u00eda un usuario para conectarse con Crisis Support Network.<\/p><p>\u00a0<\/p><p>Proveedores digitales externos y violaci\u00f3n de datos<\/p><p>El acceso no autorizado, la adquisici\u00f3n no autorizada o la divulgaci\u00f3n accidental de informaci\u00f3n personal que comprometa la seguridad, la confidencialidad o la integridad de la informaci\u00f3n de identificaci\u00f3n personal constituye una violaci\u00f3n de datos.<\/p><p>Si se notifica al Director Ejecutivo tras la identificaci\u00f3n de una violaci\u00f3n de datos real o sospechada, la organizaci\u00f3n realizar\u00e1 una notificaci\u00f3n a todas las partes afectadas conocidas.<\/p><p>Se har\u00e1 un intento razonable para notificar a los clientes cuya PII ha sido comprometida o divulgada sin autorizaci\u00f3n. Un miembro del personal del programa, en coordinaci\u00f3n con el director, intentar\u00e1 notificar al usuario que su PII ha sido divulgada.<\/p><p>Divulgaci\u00f3n legal<\/p><p>Podemos acceder y\/o divulgar informaci\u00f3n de identificaci\u00f3n personal si as\u00ed lo exige la ley o si creemos de buena fe que dicha acci\u00f3n es necesaria para: (a) cumplir con los edictos de la ley o (b) cumplir con un proceso legal notificado a a nosotros.<\/p><p>\u00a0<\/p><p>Informes obligatorios<\/p><p>Los defensores de la L\u00ednea Directa son considerados informantes obligatorios por ley. Se informar\u00e1 a los usuarios que en situaciones relacionadas con el bienestar de un menor, cualquier informaci\u00f3n de localizaci\u00f3n divulgada se informar\u00e1 a los servicios de protecci\u00f3n infantil seg\u00fan sea necesario.<\/p><p>\u00a0<\/p><p>Informaci\u00f3n t\u00e9cnica<\/p><p>Nuestros servidores web recopilan autom\u00e1ticamente informaci\u00f3n no personal, como el nombre de dominio del proveedor de acceso a Internet, la direcci\u00f3n de protocolo de Internet utilizada para conectar la computadora a Internet, el tiempo promedio de permanencia en nuestro sitio web, p\u00e1ginas visitadas, informaci\u00f3n buscada, tiempos de acceso. y otras estad\u00edsticas relevantes.<\/p><p>\u00a0<\/p><p>Galletas<\/p><p>Crisis Support Network puede utilizar cookies para mejorar su experiencia mientras utiliza nuestro sitio. Las cookies son fragmentos de informaci\u00f3n que algunos sitios web utilizan para transferir a la computadora del usuario. El uso de cookies facilita la navegaci\u00f3n web al realizar ciertas funciones, como guardar su ubicaci\u00f3n, sus preferencias personales y asegurarse de que no vea la misma ventana emergente repetidamente. Muchos consideran que el uso de cookies es un est\u00e1ndar de la industria para los sitios web. No vinculamos la informaci\u00f3n que almacenamos en las cookies con ninguna informaci\u00f3n de identificaci\u00f3n personal que env\u00ede mientras est\u00e9 en nuestro sitio. Probablemente su navegador est\u00e9 configurado para aceptar cookies. Sin embargo, si prefiere no recibir cookies, puede modificar la configuraci\u00f3n de su navegador para rechazarlas. Si elige que su navegador rechace las cookies, es posible que algunas \u00e1reas de nuestro sitio no funcionen correctamente cuando las vea.<\/p><p>\u00a0<\/p><p>Otros sitios web<\/p><p>Nuestro sitio y servicios ofrecen enlaces a otros sitios web. Tenga en cuenta que cuando hace clic en uno de estos enlaces, ingresa a otro sitio web del cual Crisis Support Network no tiene responsabilidad. Le recomendamos que lea las declaraciones de privacidad de todos estos sitios, ya que sus pol\u00edticas pueden diferir de las nuestras.<\/p><p>\u00a0<\/p><p>Donaciones<\/p><p>Cuando realiza una donaci\u00f3n haciendo clic en el enlace Donar en el men\u00fa, debemos compartir parte de su informaci\u00f3n de identificaci\u00f3n personal con terceros para poder procesar la transacci\u00f3n. Por ejemplo, debemos compartir su n\u00famero de tarjeta de cr\u00e9dito con nuestro procesador de tarjetas de cr\u00e9dito para poder procesar su pago. Estos terceros no pueden utilizar informaci\u00f3n de identificaci\u00f3n personal excepto con el fin de proporcionar estos servicios. No compartimos ninguna informaci\u00f3n de identificaci\u00f3n personal con terceros no relacionados para sus propios fines de marketing.<\/p><p>\u00a0<\/p><p>Notificaci\u00f3n de cambios de pol\u00edtica<\/p><p>Nos reservamos el derecho de cambiar, modificar o agregar a nuestra pol\u00edtica de privacidad para proteger los est\u00e1ndares \u00e9ticos proporcionados o para satisfacer las demandas cambiantes de la defensa digital. Le recomendamos que revise los cambios con frecuencia.<\/p><p>\u00a0<\/p><p>Contactar con el sitio web<\/p><p>Si tiene alguna pregunta sobre esta pol\u00edtica de privacidad, las pr\u00e1cticas de este sitio o sus relaciones con este sitio, comun\u00edquese con:<\/p><p>\u00a0<\/p><p>Red de apoyo en crisis<\/p><p>Apartado postal 311<\/p><p>Raymond, WA 98577 USA (360) 875 &#8211; 6702<\/p>\t\t\t\t\t\t\t\t<\/div>\n\t\t\t\t<\/div>\n\t\t\t\t\t<\/div>\n\t\t<\/div>\n\t\t\t\t\t<\/div>\n\t\t<\/section>\n\t\t\t\t<\/div>","protected":false},"excerpt":{"rendered":"<p>Privacy Policy This privacy policy explains the information\/data we collect from you when you visit this website, how we share or use that information, and your rights. Crisis Support Network is the not-for-profit organization which may provide an inquiry contact form, a newsletter subscription form and information on www.crisis-support.org, as well as through 24-hour telephone [&hellip;]<\/p>\n","protected":false},"author":2,"featured_media":0,"parent":0,"menu_order":0,"comment_status":"closed","ping_status":"closed","template":"elementor_header_footer","meta":{"footnotes":""},"class_list":["post-559","page","type-page","status-publish","hentry"],"aioseo_notices":[],"_links":{"self":[{"href":"https:\/\/crisis-support.org\/es\/wp-json\/wp\/v2\/pages\/559","targetHints":{"allow":["GET"]}}],"collection":[{"href":"https:\/\/crisis-support.org\/es\/wp-json\/wp\/v2\/pages"}],"about":[{"href":"https:\/\/crisis-support.org\/es\/wp-json\/wp\/v2\/types\/page"}],"author":[{"embeddable":true,"href":"https:\/\/crisis-support.org\/es\/wp-json\/wp\/v2\/users\/2"}],"replies":[{"embeddable":true,"href":"https:\/\/crisis-support.org\/es\/wp-json\/wp\/v2\/comments?post=559"}],"version-history":[{"count":2,"href":"https:\/\/crisis-support.org\/es\/wp-json\/wp\/v2\/pages\/559\/revisions"}],"predecessor-version":[{"id":3247,"href":"https:\/\/crisis-support.org\/es\/wp-json\/wp\/v2\/pages\/559\/revisions\/3247"}],"wp:attachment":[{"href":"https:\/\/crisis-support.org\/es\/wp-json\/wp\/v2\/media?parent=559"}],"curies":[{"name":"wp","href":"https:\/\/api.w.org\/{rel}","templated":true}]}}