{"id":43,"date":"2022-10-21T10:46:42","date_gmt":"2022-10-21T10:46:42","guid":{"rendered":"http:\/\/crisis-support.org\/?page_id=43"},"modified":"2025-09-26T22:17:26","modified_gmt":"2025-09-26T22:17:26","slug":"contact","status":"publish","type":"page","link":"https:\/\/crisis-support.org\/es\/contact\/","title":{"rendered":"Contacto"},"content":{"rendered":"<div data-elementor-type=\"wp-page\" data-elementor-id=\"43\" class=\"elementor elementor-43\" data-elementor-post-type=\"page\">\n\t\t\t\t\t\t<section class=\"elementor-section elementor-top-section elementor-element elementor-element-3c70470a elementor-section-boxed elementor-section-height-default elementor-section-height-default\" data-id=\"3c70470a\" data-element_type=\"section\" data-e-type=\"section\" data-settings=\"{&quot;background_background&quot;:&quot;classic&quot;}\">\n\t\t\t\t\t\t\t<div class=\"elementor-background-overlay\"><\/div>\n\t\t\t\t\t\t\t<div class=\"elementor-container elementor-column-gap-no\">\n\t\t\t\t\t<div class=\"elementor-column elementor-col-100 elementor-top-column elementor-element elementor-element-49a41867\" data-id=\"49a41867\" data-element_type=\"column\" data-e-type=\"column\">\n\t\t\t<div class=\"elementor-widget-wrap elementor-element-populated\">\n\t\t\t\t\t\t<div class=\"elementor-element elementor-element-6b607fcc elementor-widget elementor-widget-heading\" data-id=\"6b607fcc\" data-element_type=\"widget\" data-e-type=\"widget\" data-widget_type=\"heading.default\">\n\t\t\t\t<div class=\"elementor-widget-container\">\n\t\t\t\t\t<h3 class=\"elementor-heading-title elementor-size-xxl\">Contacto y ubicaciones<\/h3>\t\t\t\t<\/div>\n\t\t\t\t<\/div>\n\t\t\t\t\t<\/div>\n\t\t<\/div>\n\t\t\t\t\t<\/div>\n\t\t<\/section>\n\t\t\t\t<section class=\"elementor-section elementor-top-section elementor-element elementor-element-db26f04 elementor-section-full_width elementor-section-height-min-height elementor-section-items-stretch elementor-section-height-default\" data-id=\"db26f04\" data-element_type=\"section\" data-e-type=\"section\" data-settings=\"{&quot;background_background&quot;:&quot;classic&quot;}\">\n\t\t\t\t\t\t<div class=\"elementor-container elementor-column-gap-no\">\n\t\t\t\t\t<div class=\"elementor-column elementor-col-50 elementor-top-column elementor-element elementor-element-397af55\" data-id=\"397af55\" data-element_type=\"column\" data-e-type=\"column\" data-settings=\"{&quot;background_background&quot;:&quot;classic&quot;}\">\n\t\t\t<div class=\"elementor-widget-wrap elementor-element-populated\">\n\t\t\t\t\t\t<div class=\"elementor-element elementor-element-81b3812 elementor-widget__width-auto elementor-widget-mobile__width-inherit elementor-widget elementor-widget-heading\" data-id=\"81b3812\" data-element_type=\"widget\" data-e-type=\"widget\" data-widget_type=\"heading.default\">\n\t\t\t\t<div class=\"elementor-widget-container\">\n\t\t\t\t\t<h2 class=\"elementor-heading-title elementor-size-default\"><b>Contacto\nInformaci\u00f3n<\/b><\/h2>\t\t\t\t<\/div>\n\t\t\t\t<\/div>\n\t\t\t\t\t<\/div>\n\t\t<\/div>\n\t\t\t\t<div class=\"elementor-column elementor-col-50 elementor-top-column elementor-element elementor-element-3361151\" data-id=\"3361151\" data-element_type=\"column\" data-e-type=\"column\" data-settings=\"{&quot;background_background&quot;:&quot;classic&quot;}\">\n\t\t\t<div class=\"elementor-widget-wrap elementor-element-populated\">\n\t\t\t\t\t\t<div class=\"elementor-element elementor-element-aa66d54 elementor-widget elementor-widget-image\" data-id=\"aa66d54\" data-element_type=\"widget\" data-e-type=\"widget\" data-widget_type=\"image.default\">\n\t\t\t\t<div class=\"elementor-widget-container\">\n\t\t\t\t\t\t\t\t\t\t\t\t\t\t\t<img fetchpriority=\"high\" decoding=\"async\" width=\"5613\" height=\"1905\" src=\"https:\/\/crisis-support.org\/wp-content\/uploads\/2022\/12\/CSN-Final-Logos_CSN-Logo-1-White-Transparent-1.png\" class=\"attachment-full size-full wp-image-1110\" alt=\"\" srcset=\"https:\/\/crisis-support.org\/wp-content\/uploads\/2022\/12\/CSN-Final-Logos_CSN-Logo-1-White-Transparent-1.png 5613w, https:\/\/crisis-support.org\/wp-content\/uploads\/2022\/12\/CSN-Final-Logos_CSN-Logo-1-White-Transparent-1-300x102.png 300w, https:\/\/crisis-support.org\/wp-content\/uploads\/2022\/12\/CSN-Final-Logos_CSN-Logo-1-White-Transparent-1-1024x348.png 1024w, https:\/\/crisis-support.org\/wp-content\/uploads\/2022\/12\/CSN-Final-Logos_CSN-Logo-1-White-Transparent-1-768x261.png 768w, https:\/\/crisis-support.org\/wp-content\/uploads\/2022\/12\/CSN-Final-Logos_CSN-Logo-1-White-Transparent-1-1536x521.png 1536w, https:\/\/crisis-support.org\/wp-content\/uploads\/2022\/12\/CSN-Final-Logos_CSN-Logo-1-White-Transparent-1-2048x695.png 2048w\" sizes=\"(max-width: 5613px) 100vw, 5613px\" \/>\t\t\t\t\t\t\t\t\t\t\t\t\t\t\t<\/div>\n\t\t\t\t<\/div>\n\t\t\t\t<div class=\"elementor-element elementor-element-d7e5348 elementor-widget__width-initial elementor-widget elementor-widget-text-editor\" data-id=\"d7e5348\" data-element_type=\"widget\" data-e-type=\"widget\" data-widget_type=\"text-editor.default\">\n\t\t\t\t<div class=\"elementor-widget-container\">\n\t\t\t\t\t\t\t\t\t<p>(800) 435-7276 | Toll-Free <span style=\"color: var( --e-global-color-cea2321 ); background-color: var( --e-global-color-ee7f131 ); font-size: 1rem;\">(360) 875-6702 | Phone <\/span><span style=\"background-color: var( --e-global-color-ee7f131 ); color: var( --e-global-color-cea2321 ); font-family: var( --e-global-typography-accent-font-family ), Sans-serif; font-size: 1rem; font-weight: var( --e-global-typography-accent-font-weight );\">(360) 875 6701 | Fax<\/span><\/p><p>info@crisis-support.org<\/p><p>1006 W Robert Bush Dr<\/p><p>South Bend, WA 98586<\/p><p>www.crisis-support.org @crisissupportnetwork<\/p>\t\t\t\t\t\t\t\t<\/div>\n\t\t\t\t<\/div>\n\t\t\t\t\t<\/div>\n\t\t<\/div>\n\t\t\t\t\t<\/div>\n\t\t<\/section>\n\t\t\t\t<section class=\"elementor-section elementor-top-section elementor-element elementor-element-cebea4e elementor-section-boxed elementor-section-height-default elementor-section-height-default\" data-id=\"cebea4e\" data-element_type=\"section\" data-e-type=\"section\" data-settings=\"{&quot;background_background&quot;:&quot;classic&quot;}\">\n\t\t\t\t\t\t\t<div class=\"elementor-background-overlay\"><\/div>\n\t\t\t\t\t\t\t<div class=\"elementor-container elementor-column-gap-narrow\">\n\t\t\t\t\t<div class=\"elementor-column elementor-col-100 elementor-top-column elementor-element elementor-element-9b10808\" data-id=\"9b10808\" data-element_type=\"column\" data-e-type=\"column\">\n\t\t\t<div class=\"elementor-widget-wrap elementor-element-populated\">\n\t\t\t\t\t\t<div class=\"elementor-element elementor-element-a088a95 elementor-align-center elementor-widget elementor-widget-button\" data-id=\"a088a95\" data-element_type=\"widget\" data-e-type=\"widget\" data-widget_type=\"button.default\">\n\t\t\t\t<div class=\"elementor-widget-container\">\n\t\t\t\t\t\t\t\t\t<div class=\"elementor-button-wrapper\">\n\t\t\t\t\t<a class=\"elementor-button elementor-button-link elementor-size-sm\" href=\"mailto:info@crisis-support.org%20\" target=\"_blank\">\n\t\t\t\t\t\t<span class=\"elementor-button-content-wrapper\">\n\t\t\t\t\t\t\t\t\t<span class=\"elementor-button-text\">Email Us<\/span>\n\t\t\t\t\t<\/span>\n\t\t\t\t\t<\/a>\n\t\t\t\t<\/div>\n\t\t\t\t\t\t\t\t<\/div>\n\t\t\t\t<\/div>\n\t\t\t\t\t<\/div>\n\t\t<\/div>\n\t\t\t\t\t<\/div>\n\t\t<\/section>\n\t\t\t\t<section class=\"elementor-section elementor-top-section elementor-element elementor-element-68d49df7 elementor-section-full_width elementor-section-height-default elementor-section-height-default\" data-id=\"68d49df7\" data-element_type=\"section\" data-e-type=\"section\" data-settings=\"{&quot;background_background&quot;:&quot;classic&quot;}\">\n\t\t\t\t\t\t<div class=\"elementor-container elementor-column-gap-no\">\n\t\t\t\t\t<div class=\"elementor-column elementor-col-50 elementor-top-column elementor-element elementor-element-2cea9c64\" data-id=\"2cea9c64\" data-element_type=\"column\" data-e-type=\"column\" data-settings=\"{&quot;background_background&quot;:&quot;gradient&quot;}\">\n\t\t\t<div class=\"elementor-widget-wrap elementor-element-populated\">\n\t\t\t\t\t\t<div class=\"elementor-element elementor-element-6678dc0f elementor-widget elementor-widget-heading\" data-id=\"6678dc0f\" data-element_type=\"widget\" data-e-type=\"widget\" data-widget_type=\"heading.default\">\n\t\t\t\t<div class=\"elementor-widget-container\">\n\t\t\t\t\t<h2 class=\"elementor-heading-title elementor-size-default\"><b>Nuestros Ubicaciones<\/b><\/h2>\t\t\t\t<\/div>\n\t\t\t\t<\/div>\n\t\t\t\t\t<\/div>\n\t\t<\/div>\n\t\t\t\t<div class=\"elementor-column elementor-col-50 elementor-top-column elementor-element elementor-element-758caf8d\" data-id=\"758caf8d\" data-element_type=\"column\" data-e-type=\"column\">\n\t\t\t<div class=\"elementor-widget-wrap elementor-element-populated\">\n\t\t\t\t\t\t<div class=\"elementor-element elementor-element-3b7db01c elementor-widget elementor-widget-text-editor\" data-id=\"3b7db01c\" data-element_type=\"widget\" data-e-type=\"widget\" data-widget_type=\"text-editor.default\">\n\t\t\t\t<div class=\"elementor-widget-container\">\n\t\t\t\t\t\t\t\t\t<p>Crisis Support Network tiene espacios de promoci\u00f3n en 3 ubicaciones en el estado de Washington<\/p><ul><li>South Bend<\/li><li>Raymond<\/li><li>Long Beach<\/li><li>Ubicaciones m\u00f3viles *<\/li><\/ul><p>We provide a Child Advocacy Center at our Raymond location with the advocate and therapeutic resources to deal with this especially difficult problem.<\/p><p>Nuestro programa Warm Hearts opera desde nuestra oficina principal en South Bend.<\/p><p>*Los defensores viajan a otros lugares, como tribunales o lugares m\u00e9dicos, para ayudar a las personas en determinadas situaciones.<\/p>\t\t\t\t\t\t\t\t<\/div>\n\t\t\t\t<\/div>\n\t\t\t\t\t<\/div>\n\t\t<\/div>\n\t\t\t\t\t<\/div>\n\t\t<\/section>\n\t\t\t\t<section class=\"elementor-section elementor-top-section elementor-element elementor-element-69dd2c9f elementor-section-full_width elementor-section-height-default elementor-section-height-default\" data-id=\"69dd2c9f\" data-element_type=\"section\" data-e-type=\"section\">\n\t\t\t\t\t\t<div class=\"elementor-container elementor-column-gap-default\">\n\t\t\t\t\t<div class=\"elementor-column elementor-col-50 elementor-top-column elementor-element elementor-element-1517ae2e\" data-id=\"1517ae2e\" data-element_type=\"column\" data-e-type=\"column\">\n\t\t\t<div class=\"elementor-widget-wrap elementor-element-populated\">\n\t\t\t\t\t\t<div class=\"elementor-element elementor-element-6865fd70 elementor-widget elementor-widget-heading\" data-id=\"6865fd70\" data-element_type=\"widget\" data-e-type=\"widget\" data-widget_type=\"heading.default\">\n\t\t\t\t<div class=\"elementor-widget-container\">\n\t\t\t\t\t<h2 class=\"elementor-heading-title elementor-size-default\"><b>South Bend (Oficina Principal)<\/b><\/h2>\t\t\t\t<\/div>\n\t\t\t\t<\/div>\n\t\t\t\t<div class=\"elementor-element elementor-element-431514d9 elementor-widget elementor-widget-text-editor\" data-id=\"431514d9\" data-element_type=\"widget\" data-e-type=\"widget\" data-widget_type=\"text-editor.default\">\n\t\t\t\t<div class=\"elementor-widget-container\">\n\t\t\t\t\t\t\t\t\t<p>1006 Robert Bush Drive West<br \/><span style=\"color: var( --e-global-color-8171f50 );\">South Bend, WA 98586<\/span><\/p><p>360-875-6702<\/p><p>Servicios prestados: violencia dom\u00e9stica, agresi\u00f3n sexual, v\u00edctimas de delitos, vivienda, programa Warm Hearts<\/p>\t\t\t\t\t\t\t\t<\/div>\n\t\t\t\t<\/div>\n\t\t\t\t\t<\/div>\n\t\t<\/div>\n\t\t\t\t<div class=\"elementor-column elementor-col-50 elementor-top-column elementor-element elementor-element-5d90d89a\" data-id=\"5d90d89a\" data-element_type=\"column\" data-e-type=\"column\">\n\t\t\t<div class=\"elementor-widget-wrap elementor-element-populated\">\n\t\t\t\t\t\t<div class=\"elementor-element elementor-element-426e40a1 elementor-widget elementor-widget-google_maps\" data-id=\"426e40a1\" data-element_type=\"widget\" data-e-type=\"widget\" data-widget_type=\"google_maps.default\">\n\t\t\t\t<div class=\"elementor-widget-container\">\n\t\t\t\t\t\t\t<div class=\"elementor-custom-embed\">\n\t\t\t<iframe loading=\"lazy\"\n\t\t\t\t\tsrc=\"https:\/\/maps.google.com\/maps?q=1006%20West%20Robert%20Bush%20Drive%20South%20Bend%2C%20WA%2098586&#038;t=m&#038;z=10&#038;output=embed&#038;iwloc=near\"\n\t\t\t\t\ttitle=\"1006 West Robert Bush Drive South Bend, WA 98586\"\n\t\t\t\t\taria-label=\"1006 West Robert Bush Drive South Bend, WA 98586\"\n\t\t\t><\/iframe>\n\t\t<\/div>\n\t\t\t\t\t\t<\/div>\n\t\t\t\t<\/div>\n\t\t\t\t\t<\/div>\n\t\t<\/div>\n\t\t\t\t\t<\/div>\n\t\t<\/section>\n\t\t\t\t<section class=\"elementor-section elementor-top-section elementor-element elementor-element-3c41a2c5 elementor-section-full_width elementor-section-height-default elementor-section-height-default\" data-id=\"3c41a2c5\" data-element_type=\"section\" data-e-type=\"section\">\n\t\t\t\t\t\t<div class=\"elementor-container elementor-column-gap-default\">\n\t\t\t\t\t<div class=\"elementor-column elementor-col-50 elementor-top-column elementor-element elementor-element-21933c1a\" data-id=\"21933c1a\" data-element_type=\"column\" data-e-type=\"column\">\n\t\t\t<div class=\"elementor-widget-wrap elementor-element-populated\">\n\t\t\t\t\t\t<div class=\"elementor-element elementor-element-714e4a09 elementor-widget elementor-widget-heading\" data-id=\"714e4a09\" data-element_type=\"widget\" data-e-type=\"widget\" data-widget_type=\"heading.default\">\n\t\t\t\t<div class=\"elementor-widget-container\">\n\t\t\t\t\t<h2 class=\"elementor-heading-title elementor-size-default\"><b>Raymond<\/b><\/h2>\t\t\t\t<\/div>\n\t\t\t\t<\/div>\n\t\t\t\t<div class=\"elementor-element elementor-element-4b7af208 elementor-widget elementor-widget-text-editor\" data-id=\"4b7af208\" data-element_type=\"widget\" data-e-type=\"widget\" data-widget_type=\"text-editor.default\">\n\t\t\t\t<div class=\"elementor-widget-container\">\n\t\t\t\t\t\t\t\t\t<p>762 Ballentine Street\u00a0<br \/><span style=\"color: var( --e-global-color-8171f50 );\">Raymond, WA 98577<\/span><\/p><p>L\u00ednea directa las 24 horas: 1-800-435-7276<\/p><p>Servicios prestados: Centro de defensa infantil, terapia, capacitaci\u00f3n\/sala de reuniones<\/p>\t\t\t\t\t\t\t\t<\/div>\n\t\t\t\t<\/div>\n\t\t\t\t\t<\/div>\n\t\t<\/div>\n\t\t\t\t<div class=\"elementor-column elementor-col-50 elementor-top-column elementor-element elementor-element-6c256eab\" data-id=\"6c256eab\" data-element_type=\"column\" data-e-type=\"column\">\n\t\t\t<div class=\"elementor-widget-wrap elementor-element-populated\">\n\t\t\t\t\t\t<div class=\"elementor-element elementor-element-5b4f9eef elementor-widget elementor-widget-google_maps\" data-id=\"5b4f9eef\" data-element_type=\"widget\" data-e-type=\"widget\" data-widget_type=\"google_maps.default\">\n\t\t\t\t<div class=\"elementor-widget-container\">\n\t\t\t\t\t\t\t<div class=\"elementor-custom-embed\">\n\t\t\t<iframe loading=\"lazy\"\n\t\t\t\t\tsrc=\"https:\/\/maps.google.com\/maps?q=762%20Ballentine%20Street%20Raymond%2C%20WA%2098577&#038;t=m&#038;z=10&#038;output=embed&#038;iwloc=near\"\n\t\t\t\t\ttitle=\"762 Ballentine Street Raymond, WA 98577\"\n\t\t\t\t\taria-label=\"762 Ballentine Street Raymond, WA 98577\"\n\t\t\t><\/iframe>\n\t\t<\/div>\n\t\t\t\t\t\t<\/div>\n\t\t\t\t<\/div>\n\t\t\t\t\t<\/div>\n\t\t<\/div>\n\t\t\t\t\t<\/div>\n\t\t<\/section>\n\t\t\t\t<section class=\"elementor-section elementor-top-section elementor-element elementor-element-459dd732 elementor-section-full_width elementor-section-height-default elementor-section-height-default\" data-id=\"459dd732\" data-element_type=\"section\" data-e-type=\"section\">\n\t\t\t\t\t\t<div class=\"elementor-container elementor-column-gap-default\">\n\t\t\t\t\t<div class=\"elementor-column elementor-col-50 elementor-top-column elementor-element elementor-element-1c0349a6\" data-id=\"1c0349a6\" data-element_type=\"column\" data-e-type=\"column\">\n\t\t\t<div class=\"elementor-widget-wrap elementor-element-populated\">\n\t\t\t\t\t\t<div class=\"elementor-element elementor-element-6776108a elementor-widget elementor-widget-heading\" data-id=\"6776108a\" data-element_type=\"widget\" data-e-type=\"widget\" data-widget_type=\"heading.default\">\n\t\t\t\t<div class=\"elementor-widget-container\">\n\t\t\t\t\t<h2 class=\"elementor-heading-title elementor-size-default\"><b>Long Beach<\/b><\/h2>\t\t\t\t<\/div>\n\t\t\t\t<\/div>\n\t\t\t\t<div class=\"elementor-element elementor-element-45d2be70 elementor-widget elementor-widget-text-editor\" data-id=\"45d2be70\" data-element_type=\"widget\" data-e-type=\"widget\" data-widget_type=\"text-editor.default\">\n\t\t\t\t<div class=\"elementor-widget-container\">\n\t\t\t\t\t\t\t\t\t<p>318 2nd Street NE <br \/>Long Beach, WA 98631<\/p><p>360-642-0095<\/p><p>Servicios prestados: violencia dom\u00e9stica, agresi\u00f3n sexual, v\u00edctimas de delitos, vivienda, terapia.<\/p>\t\t\t\t\t\t\t\t<\/div>\n\t\t\t\t<\/div>\n\t\t\t\t\t<\/div>\n\t\t<\/div>\n\t\t\t\t<div class=\"elementor-column elementor-col-50 elementor-top-column elementor-element elementor-element-31054a3a\" data-id=\"31054a3a\" data-element_type=\"column\" data-e-type=\"column\">\n\t\t\t<div class=\"elementor-widget-wrap elementor-element-populated\">\n\t\t\t\t\t\t<div class=\"elementor-element elementor-element-4306891f elementor-widget elementor-widget-google_maps\" data-id=\"4306891f\" data-element_type=\"widget\" data-e-type=\"widget\" data-widget_type=\"google_maps.default\">\n\t\t\t\t<div class=\"elementor-widget-container\">\n\t\t\t\t\t\t\t<div class=\"elementor-custom-embed\">\n\t\t\t<iframe loading=\"lazy\"\n\t\t\t\t\tsrc=\"https:\/\/maps.google.com\/maps?q=318%202nd%20Street%20NE%20Long%20Beach%2C%20WA%2098631&#038;t=m&#038;z=10&#038;output=embed&#038;iwloc=near\"\n\t\t\t\t\ttitle=\"318 2nd Street NE Long Beach, WA 98631\"\n\t\t\t\t\taria-label=\"318 2nd Street NE Long Beach, WA 98631\"\n\t\t\t><\/iframe>\n\t\t<\/div>\n\t\t\t\t\t\t<\/div>\n\t\t\t\t<\/div>\n\t\t\t\t\t<\/div>\n\t\t<\/div>\n\t\t\t\t\t<\/div>\n\t\t<\/section>\n\t\t\t\t<section class=\"elementor-section elementor-top-section elementor-element elementor-element-67e1264 elementor-section-boxed elementor-section-height-default elementor-section-height-default\" data-id=\"67e1264\" data-element_type=\"section\" data-e-type=\"section\">\n\t\t\t\t\t\t<div class=\"elementor-container elementor-column-gap-default\">\n\t\t\t\t\t<div class=\"elementor-column elementor-col-100 elementor-top-column elementor-element elementor-element-cd513be\" data-id=\"cd513be\" data-element_type=\"column\" data-e-type=\"column\">\n\t\t\t<div class=\"elementor-widget-wrap\">\n\t\t\t\t\t\t\t<\/div>\n\t\t<\/div>\n\t\t\t\t\t<\/div>\n\t\t<\/section>\n\t\t\t\t<\/div>","protected":false},"excerpt":{"rendered":"<p>Contact &amp; Locations Contact Information (800) 435-7276 | Toll-Free (360) 875-6702 | Phone (360) 875 6701 | Fax info@crisis-support.org 1006 W Robert Bush Dr South Bend, WA 98586 www.crisis-support.org @crisissupportnetwork Email Us Our Locations Crisis Support Network holds advocacy space in 3 locations in Washington State South Bend Raymond Long Beach Mobile Locations * We [&hellip;]<\/p>\n","protected":false},"author":2,"featured_media":0,"parent":0,"menu_order":0,"comment_status":"closed","ping_status":"closed","template":"","meta":{"footnotes":""},"class_list":["post-43","page","type-page","status-publish","hentry"],"aioseo_notices":[],"_links":{"self":[{"href":"https:\/\/crisis-support.org\/es\/wp-json\/wp\/v2\/pages\/43","targetHints":{"allow":["GET"]}}],"collection":[{"href":"https:\/\/crisis-support.org\/es\/wp-json\/wp\/v2\/pages"}],"about":[{"href":"https:\/\/crisis-support.org\/es\/wp-json\/wp\/v2\/types\/page"}],"author":[{"embeddable":true,"href":"https:\/\/crisis-support.org\/es\/wp-json\/wp\/v2\/users\/2"}],"replies":[{"embeddable":true,"href":"https:\/\/crisis-support.org\/es\/wp-json\/wp\/v2\/comments?post=43"}],"version-history":[{"count":2,"href":"https:\/\/crisis-support.org\/es\/wp-json\/wp\/v2\/pages\/43\/revisions"}],"predecessor-version":[{"id":3534,"href":"https:\/\/crisis-support.org\/es\/wp-json\/wp\/v2\/pages\/43\/revisions\/3534"}],"wp:attachment":[{"href":"https:\/\/crisis-support.org\/es\/wp-json\/wp\/v2\/media?parent=43"}],"curies":[{"name":"wp","href":"https:\/\/api.w.org\/{rel}","templated":true}]}}